{"id":627,"date":"2023-06-03T12:21:16","date_gmt":"2023-06-03T10:21:16","guid":{"rendered":"http:\/\/www.bimexprom.hr\/stranica\/?page_id=627"},"modified":"2024-05-27T20:30:53","modified_gmt":"2024-05-27T18:30:53","slug":"narbrasian","status":"publish","type":"page","link":"https:\/\/bimexprom.hr\/stranica\/narbrasian\/","title":{"rendered":"Narud\u017eba Brasian Formula 2000"},"content":{"rendered":"<div id=\"pl-gb627-69f8c6fa91e99\"  class=\"panel-layout wp-block-siteorigin-panels-layout-block\" ><div id=\"pg-gb627-69f8c6fa91e99-0\"  class=\"panel-grid panel-no-style\" ><div id=\"pgc-gb627-69f8c6fa91e99-0-0\"  class=\"panel-grid-cell\" ><div id=\"panel-gb627-69f8c6fa91e99-0-0-0\" class=\"so-panel widget widget_sow-contact-form panel-first-child widgetopts-SO\" data-index=\"0\" ><div class=\"panel-widget-style panel-widget-style-for-gb627-69f8c6fa91e99-0-0-0\" ><div\n\t\t\t\n\t\t\tclass=\"so-widget-sow-contact-form so-widget-sow-contact-form-default-efc973b28015-627\"\n\t\t\t\n\t\t><h3 class=\"widget-title\">Naru\u010dite Brasian Formula 2000 losion<\/h3>\t<form\n\t\taction=\"\/stranica\/wp-json\/wp\/v2\/pages\/627\"\n\t\tmethod=\"POST\"\n\t\tclass=\"sow-contact-form\"\n\t\tid=\"contact-form-78d6\"\n\t>\n\n\t\t\n\t\t            <p><em>Polja ozna\u010dena sa * je obavezno popuniti.<\/em><\/p>\n\t\t\t\t\t\t<div class=\"sow-form-field sow-form-field-name\">\n\t\t\t\t<label class=\"sow-form-field-label-above\" for=\"sow-contact-form-field-vase-ime-1\">\n\t\t\t\t<strong>\n\t\t\t\t\tVa\u0161e ime\t\t\t\t\t\t\t\t\t\t\t<span class=\"sow-form-field-required\">*<\/span>\n\t\t\t\t\t\t\t\t\t<\/strong>\n\t\t\t<\/label>\n\t\t\t\t\t\t\t<div class=\"sow-field-container\">\n\t\t\t\t\t\t\t<input\n\t\t\ttype=\"text\"\n\t\t\tname=\"vase-ime-1\"\n\t\t\tid=\"sow-contact-form-field-vase-ime-1\"\n\t\t\tvalue=\"\"\n\t\t\tclass=\"sow-text-field\"\n\t\t\t\t\t\taria-describedby=\"sow-contact-form-field-vase-ime-1-description\" \t\t\/>\n\t\t\t\t\t\t\t\t<div\n\t\t\t\t\t\t\tclass=\"sow-form-field-description\"\n\t\t\t\t\t\t\tid=\"sow-contact-form-field-vase-ime-1-description\"\n\t\t\t\t\t\t>\n\t\t\t\t\t\t\tUpi\u0161ite va\u0161e ime\t\t\t\t\t\t<\/div>\n\t\t\t\t\t\t\t\t\t\t<\/div>\n\t\t\t\t\t\t\t<\/div>\n\t\t\t\t\t\t<div class=\"sow-form-field sow-form-field-email\">\n\t\t\t\t<label class=\"sow-form-field-label-above\" for=\"sow-contact-form-field-vasa-adresa-elektronske-poste-1\">\n\t\t\t\t<strong>\n\t\t\t\t\tVa\u0161a adresa elektronske po\u0161te\t\t\t\t\t\t\t\t\t\t\t<span class=\"sow-form-field-required\">*<\/span>\n\t\t\t\t\t\t\t\t\t<\/strong>\n\t\t\t<\/label>\n\t\t\t\t\t\t\t<div class=\"sow-field-container\">\n\t\t\t\t\t\t\t<input\n\t\t\ttype=\"email\"\n\t\t\tname=\"vasa-adresa-elektronske-poste-1\"\n\t\t\tid=\"sow-contact-form-field-vasa-adresa-elektronske-poste-1\"\n\t\t\tvalue=\"\"\n\t\t\tclass=\"sow-text-field\"\t\t\taria-describedby=\"sow-contact-form-field-vasa-adresa-elektronske-poste-1-description\" \t\t\t\t\t\/>\n\t\t\t\t\t\t\t\t<div\n\t\t\t\t\t\t\tclass=\"sow-form-field-description\"\n\t\t\t\t\t\t\tid=\"sow-contact-form-field-vasa-adresa-elektronske-poste-1-description\"\n\t\t\t\t\t\t>\n\t\t\t\t\t\t\tUpi\u0161ite adresu va\u0161e elektronske po\u0161te npr. va\u0161eime@server.com\t\t\t\t\t\t<\/div>\n\t\t\t\t\t\t\t\t\t\t<\/div>\n\t\t\t\t\t\t\t<\/div>\n\t\t\t\t\t\t<div class=\"sow-form-field sow-form-field-subject\">\n\t\t\t\t<label class=\"sow-form-field-label-above\" for=\"sow-contact-form-field-naslov-1\">\n\t\t\t\t<strong>\n\t\t\t\t\tNaslov\t\t\t\t\t\t\t\t\t\t\t<span class=\"sow-form-field-required\">*<\/span>\n\t\t\t\t\t\t\t\t\t<\/strong>\n\t\t\t<\/label>\n\t\t\t\t\t\t\t<div class=\"sow-field-container\">\n\t\t\t\t\t\t\t<input\n\t\t\ttype=\"text\"\n\t\t\tname=\"naslov-1\"\n\t\t\tid=\"sow-contact-form-field-naslov-1\"\n\t\t\tvalue=\"\"\n\t\t\tclass=\"sow-text-field\"\n\t\t\t\t\t\taria-describedby=\"sow-contact-form-field-naslov-1-description\" \t\t\/>\n\t\t\t\t\t\t\t\t<div\n\t\t\t\t\t\t\tclass=\"sow-form-field-description\"\n\t\t\t\t\t\t\tid=\"sow-contact-form-field-naslov-1-description\"\n\t\t\t\t\t\t>\n\t\t\t\t\t\t\tUpi\u0161ite naslov poruke\t\t\t\t\t\t<\/div>\n\t\t\t\t\t\t\t\t\t\t<\/div>\n\t\t\t\t\t\t\t<\/div>\n\t\t\t\t\t\t<div class=\"sow-form-field sow-form-field-textarea\">\n\t\t\t\t<label class=\"sow-form-field-label-above\" for=\"sow-contact-form-field-sadrzaj-poruke-1\">\n\t\t\t\t<strong>\n\t\t\t\t\tSadr\u017eaj poruke\t\t\t\t\t\t\t\t\t\t\t<span class=\"sow-form-field-required\">*<\/span>\n\t\t\t\t\t\t\t\t\t<\/strong>\n\t\t\t<\/label>\n\t\t\t\t\t\t\t<div class=\"sow-field-container\">\n\t\t\t\t\t\t\t<textarea\n\t\t\tname=\"sadrzaj-poruke-1\"\n\t\t\tid=\"sow-contact-form-field-sadrzaj-poruke-1\"\n\t\t\trows=\"10\"\n\t\t\t\t\t\taria-describedby=\"sow-contact-form-field-sadrzaj-poruke-1-description\" \t\t><\/textarea>\n\t\t\t\t\t\t\t\t<div\n\t\t\t\t\t\t\tclass=\"sow-form-field-description\"\n\t\t\t\t\t\t\tid=\"sow-contact-form-field-sadrzaj-poruke-1-description\"\n\t\t\t\t\t\t>\n\t\t\t\t\t\t\tOvdje upi\u0161ite sadr\u017eaj va\u0161e poruke\t\t\t\t\t\t<\/div>\n\t\t\t\t\t\t\t\t\t\t<\/div>\n\t\t\t\t\t\t\t<\/div>\n\t\t\t\t\t\t<div class=\"sow-form-field sow-form-field-text\">\n\t\t\t\t<label class=\"sow-form-field-label-above\" for=\"sow-contact-form-field-adresa-1\">\n\t\t\t\t<strong>\n\t\t\t\t\tAdresa\t\t\t\t\t\t\t\t\t\t\t<span class=\"sow-form-field-required\">*<\/span>\n\t\t\t\t\t\t\t\t\t<\/strong>\n\t\t\t<\/label>\n\t\t\t\t\t\t\t<div class=\"sow-field-container\">\n\t\t\t\t\t\t\t<input\n\t\t\ttype=\"text\"\n\t\t\tname=\"adresa-1\"\n\t\t\tid=\"sow-contact-form-field-adresa-1\"\n\t\t\tvalue=\"\"\n\t\t\tclass=\"sow-text-field\"\t\t\taria-describedby=\"sow-contact-form-field-adresa-1-description\" \t\t\t\t\t\/>\n\t\t\t\t\t\t\t\t<div\n\t\t\t\t\t\t\tclass=\"sow-form-field-description\"\n\t\t\t\t\t\t\tid=\"sow-contact-form-field-adresa-1-description\"\n\t\t\t\t\t\t>\n\t\t\t\t\t\t\tUpi\u0161ite adresu na koju vam \u0161aljemo naru\u010deno\t\t\t\t\t\t<\/div>\n\t\t\t\t\t\t\t\t\t\t<\/div>\n\t\t\t\t\t\t\t<\/div>\n\t\t\t\t\t\t<div class=\"sow-form-field sow-form-field-tel\">\n\t\t\t\t<label class=\"sow-form-field-label-above\" for=\"sow-contact-form-field-broj-vaseg-telefona-mobitela-1\">\n\t\t\t\t<strong>\n\t\t\t\t\tBroj va\u0161eg telefona\/mobitela\t\t\t\t\t\t\t\t\t\t\t<span class=\"sow-form-field-required\">*<\/span>\n\t\t\t\t\t\t\t\t\t<\/strong>\n\t\t\t<\/label>\n\t\t\t\t\t\t\t<div class=\"sow-field-container\">\n\t\t\t\t\t\t\t<input\n\t\t\ttype=\"tel\"\n\t\t\tname=\"broj-vaseg-telefona-mobitela-1\"\n\t\t\tid=\"sow-contact-form-field-broj-vaseg-telefona-mobitela-1\"\n\t\t\tvalue=\"\"\n\t\t\tclass=\"sow-text-field\"\t\t\taria-describedby=\"sow-contact-form-field-broj-vaseg-telefona-mobitela-1-description\" \t\t\t\t\t\/>\n\t\t\t\t\t\t\t\t<div\n\t\t\t\t\t\t\tclass=\"sow-form-field-description\"\n\t\t\t\t\t\t\tid=\"sow-contact-form-field-broj-vaseg-telefona-mobitela-1-description\"\n\t\t\t\t\t\t>\n\t\t\t\t\t\t\tUpi\u0161ite broj va\u0161eg telefona\/mobilnog ure\u0111aja, kako bi vas mogli kontaktirati.\t\t\t\t\t\t<\/div>\n\t\t\t\t\t\t\t\t\t\t<\/div>\n\t\t\t\t\t\t\t<\/div>\n\t\t\t\t\t\t<div class=\"sow-form-field sow-form-field-radio\">\n\t\t\t\t<label class=\"sow-form-field-label-above\" for=\"sow-contact-form-field-placam-pouzecem-1\">\n\t\t\t\t<strong>\n\t\t\t\t\tPla\u0107am pouze\u0107em\t\t\t\t\t\t\t\t\t\t\t<span class=\"sow-form-field-required\">*<\/span>\n\t\t\t\t\t\t\t\t\t<\/strong>\n\t\t\t<\/label>\n\t\t\t\t\t\t\t<div class=\"sow-field-container\">\n\t\t\t\t\t\t\t\t<ul>\n\t\t\t\t\t\t\t\t\t<li>\n\t\t\t\t\t\t<label>\n\t\t\t\t\t\t\t<input\n\t\t\t\t\t\t\t\ttype=\"radio\"\n\t\t\t\t\t\t\t\tvalue=\"Da\"\n\t\t\t\t\t\t\t\tname=\"placam-pouzecem-1\"\n\t\t\t\t\t\t\t\tid=\"sow-contact-form-field-placam-pouzecem-1-0\"\n\t\t\t\t\t\t\t\t\t\t\t\t\t\t\t\taria-describedby=\"sow-contact-form-field-placam-pouzecem-1-description\" \t\t\t\t\t\t\t\/>\n\t\t\t\t\t\t\tDa\t\t\t\t\t\t<\/label>\n\t\t\t\t\t<\/li>\n\t\t\t\t\t\t\t\t\t<li>\n\t\t\t\t\t\t<label>\n\t\t\t\t\t\t\t<input\n\t\t\t\t\t\t\t\ttype=\"radio\"\n\t\t\t\t\t\t\t\tvalue=\"Ne\"\n\t\t\t\t\t\t\t\tname=\"placam-pouzecem-1\"\n\t\t\t\t\t\t\t\tid=\"sow-contact-form-field-placam-pouzecem-1-1\"\n\t\t\t\t\t\t\t\t\t\t\t\t\t\t\t\taria-describedby=\"sow-contact-form-field-placam-pouzecem-1-description\" \t\t\t\t\t\t\t\/>\n\t\t\t\t\t\t\tNe\t\t\t\t\t\t<\/label>\n\t\t\t\t\t<\/li>\n\t\t\t\t\t\t\t<\/ul>\n\t\t\t\t\t\t\t\t<div\n\t\t\t\t\t\t\tclass=\"sow-form-field-description\"\n\t\t\t\t\t\t\tid=\"sow-contact-form-field-placam-pouzecem-1-description\"\n\t\t\t\t\t\t>\n\t\t\t\t\t\t\tozna\u010diti ukoliko pla\u0107ate prilikom preuzimanja naru\u010denog.\t\t\t\t\t\t<\/div>\n\t\t\t\t\t\t\t\t\t\t<\/div>\n\t\t\t\t\t\t\t<\/div>\n\t\t\t\t\t\t<input\n\t\t\t\ttype=\"text\"\n\t\t\t\tname=\"sow-name\"\n\t\t\t\tclass=\"sow-text-field\"\n\t\t\t\tstyle=\"display: none !important; visibility: hidden !important;\"\n\t\t\t\tautocomplete=\"off\"\n\t\t\t\taria-hidden=\"true\"\n\t\t\t>\n\t\t\n\t\t\n\t\t<div class=\"sow-submit-wrapper \n\t\tsow-submit-styled\t\t\">\n\n\t\t\t<button\n\t\t\t\ttype=\"submit\"\n\t\t\t\tclass=\"sow-submit\n\t\t\t\t\t\t\t\t\"\n\t\t\t\t\t\t\t>\n\t\t\t\tPo\u0161aljite narud\u017ebu\t\t\t<\/button>\n\t\t<\/div>\n\t\t\t\t<input\n\t\t\ttype=\"hidden\"\n\t\t\tname=\"instance_hash-1\"\n\t\t\tvalue=\"78d6000c\"\n\t\t\/>\n\n\t\t<input type=\"hidden\" id=\"_wpnonce\" name=\"_wpnonce\" value=\"e94241098a\" \/><input type=\"hidden\" name=\"_wp_http_referer\" value=\"\/stranica\/wp-json\/wp\/v2\/pages\/627\" \/>\t<\/form>\n\t<\/div><\/div><\/div><div id=\"panel-gb627-69f8c6fa91e99-0-0-1\" class=\"so-panel widget widget_sow-button panel-last-child widgetopts-SO\" data-index=\"1\" ><div\n\t\t\t\n\t\t\tclass=\"so-widget-sow-button so-widget-sow-button-flat-f54c0409268f-627\"\n\t\t\t\n\t\t><div class=\"ow-button-base ow-button-align-center\"\n>\n\t\t\t<a\n\t\t\t\t\thref=\"https:\/\/bimexprom.hr\/stranica\/\"\n\t\t\t\t\tclass=\"sowb-button ow-icon-placement-left ow-button-hover\" \t>\n\t\t<span>\n\t\t\t\n\t\t\tNatrag na naslovnu stranicu\t\t<\/span>\n\t\t\t<\/a>\n\t<\/div>\n<\/div><\/div><\/div><\/div><\/div>","protected":false},"excerpt":{"rendered":"","protected":false},"author":2,"featured_media":0,"parent":0,"menu_order":0,"comment_status":"closed","ping_status":"closed","template":"","meta":{"pgc_sgb_lightbox_settings":"","footnotes":""},"class_list":["post-627","page","type-page","status-publish","hentry","wpbf-post"],"yoast_head":"<!-- This site is optimized with the Yoast SEO plugin v27.5 - https:\/\/yoast.com\/product\/yoast-seo-wordpress\/ -->\n<title>Narud\u017eba Brasian Formula 2000 - Bimex prom<\/title>\n<meta name=\"robots\" content=\"index, follow, max-snippet:-1, max-image-preview:large, max-video-preview:-1\" \/>\n<link rel=\"canonical\" href=\"https:\/\/bimexprom.hr\/stranica\/narbrasian\/\" \/>\n<meta property=\"og:locale\" content=\"hr_HR\" \/>\n<meta property=\"og:type\" content=\"article\" \/>\n<meta property=\"og:title\" content=\"Narud\u017eba Brasian Formula 2000 - Bimex prom\" \/>\n<meta property=\"og:url\" content=\"https:\/\/bimexprom.hr\/stranica\/narbrasian\/\" \/>\n<meta property=\"og:site_name\" content=\"Bimex prom\" \/>\n<meta property=\"article:publisher\" content=\"https:\/\/www.facebook.com\/Bimexprom\" \/>\n<meta property=\"article:modified_time\" content=\"2024-05-27T18:30:53+00:00\" \/>\n<meta name=\"twitter:card\" content=\"summary_large_image\" \/>\n<script type=\"application\/ld+json\" class=\"yoast-schema-graph\">{\"@context\":\"https:\\\/\\\/schema.org\",\"@graph\":[{\"@type\":\"WebPage\",\"@id\":\"https:\\\/\\\/bimexprom.hr\\\/stranica\\\/narbrasian\\\/\",\"url\":\"https:\\\/\\\/bimexprom.hr\\\/stranica\\\/narbrasian\\\/\",\"name\":\"Narud\u017eba Brasian Formula 2000 - Bimex prom\",\"isPartOf\":{\"@id\":\"https:\\\/\\\/bimexprom.hr\\\/stranica\\\/#website\"},\"datePublished\":\"2023-06-03T10:21:16+00:00\",\"dateModified\":\"2024-05-27T18:30:53+00:00\",\"breadcrumb\":{\"@id\":\"https:\\\/\\\/bimexprom.hr\\\/stranica\\\/narbrasian\\\/#breadcrumb\"},\"inLanguage\":\"hr\",\"potentialAction\":[{\"@type\":\"ReadAction\",\"target\":[\"https:\\\/\\\/bimexprom.hr\\\/stranica\\\/narbrasian\\\/\"]}]},{\"@type\":\"BreadcrumbList\",\"@id\":\"https:\\\/\\\/bimexprom.hr\\\/stranica\\\/narbrasian\\\/#breadcrumb\",\"itemListElement\":[{\"@type\":\"ListItem\",\"position\":1,\"name\":\"Po\u010detna stranica\",\"item\":\"https:\\\/\\\/bimexprom.hr\\\/stranica\\\/\"},{\"@type\":\"ListItem\",\"position\":2,\"name\":\"Narud\u017eba Brasian Formula 2000\"}]},{\"@type\":\"WebSite\",\"@id\":\"https:\\\/\\\/bimexprom.hr\\\/stranica\\\/#website\",\"url\":\"https:\\\/\\\/bimexprom.hr\\\/stranica\\\/\",\"name\":\"Bimex prom\",\"description\":\"Nautika i usluge\",\"publisher\":{\"@id\":\"https:\\\/\\\/bimexprom.hr\\\/stranica\\\/#organization\"},\"potentialAction\":[{\"@type\":\"SearchAction\",\"target\":{\"@type\":\"EntryPoint\",\"urlTemplate\":\"https:\\\/\\\/bimexprom.hr\\\/stranica\\\/?s={search_term_string}\"},\"query-input\":{\"@type\":\"PropertyValueSpecification\",\"valueRequired\":true,\"valueName\":\"search_term_string\"}}],\"inLanguage\":\"hr\"},{\"@type\":\"Organization\",\"@id\":\"https:\\\/\\\/bimexprom.hr\\\/stranica\\\/#organization\",\"name\":\"Bimex prom d.o.o.\",\"url\":\"https:\\\/\\\/bimexprom.hr\\\/stranica\\\/\",\"logo\":{\"@type\":\"ImageObject\",\"inLanguage\":\"hr\",\"@id\":\"https:\\\/\\\/bimexprom.hr\\\/stranica\\\/#\\\/schema\\\/logo\\\/image\\\/\",\"url\":\"https:\\\/\\\/bimexprom.hr\\\/stranica\\\/wp-content\\\/uploads\\\/2023\\\/03\\\/bimex_logo-e1677916586647.png\",\"contentUrl\":\"https:\\\/\\\/bimexprom.hr\\\/stranica\\\/wp-content\\\/uploads\\\/2023\\\/03\\\/bimex_logo-e1677916586647.png\",\"width\":180,\"height\":167,\"caption\":\"Bimex prom d.o.o.\"},\"image\":{\"@id\":\"https:\\\/\\\/bimexprom.hr\\\/stranica\\\/#\\\/schema\\\/logo\\\/image\\\/\"},\"sameAs\":[\"https:\\\/\\\/www.facebook.com\\\/Bimexprom\"]}]}<\/script>\n<!-- \/ Yoast SEO plugin. -->","yoast_head_json":{"title":"Narud\u017eba Brasian Formula 2000 - Bimex prom","robots":{"index":"index","follow":"follow","max-snippet":"max-snippet:-1","max-image-preview":"max-image-preview:large","max-video-preview":"max-video-preview:-1"},"canonical":"https:\/\/bimexprom.hr\/stranica\/narbrasian\/","og_locale":"hr_HR","og_type":"article","og_title":"Narud\u017eba Brasian Formula 2000 - Bimex prom","og_url":"https:\/\/bimexprom.hr\/stranica\/narbrasian\/","og_site_name":"Bimex prom","article_publisher":"https:\/\/www.facebook.com\/Bimexprom","article_modified_time":"2024-05-27T18:30:53+00:00","twitter_card":"summary_large_image","schema":{"@context":"https:\/\/schema.org","@graph":[{"@type":"WebPage","@id":"https:\/\/bimexprom.hr\/stranica\/narbrasian\/","url":"https:\/\/bimexprom.hr\/stranica\/narbrasian\/","name":"Narud\u017eba Brasian Formula 2000 - Bimex prom","isPartOf":{"@id":"https:\/\/bimexprom.hr\/stranica\/#website"},"datePublished":"2023-06-03T10:21:16+00:00","dateModified":"2024-05-27T18:30:53+00:00","breadcrumb":{"@id":"https:\/\/bimexprom.hr\/stranica\/narbrasian\/#breadcrumb"},"inLanguage":"hr","potentialAction":[{"@type":"ReadAction","target":["https:\/\/bimexprom.hr\/stranica\/narbrasian\/"]}]},{"@type":"BreadcrumbList","@id":"https:\/\/bimexprom.hr\/stranica\/narbrasian\/#breadcrumb","itemListElement":[{"@type":"ListItem","position":1,"name":"Po\u010detna stranica","item":"https:\/\/bimexprom.hr\/stranica\/"},{"@type":"ListItem","position":2,"name":"Narud\u017eba Brasian Formula 2000"}]},{"@type":"WebSite","@id":"https:\/\/bimexprom.hr\/stranica\/#website","url":"https:\/\/bimexprom.hr\/stranica\/","name":"Bimex prom","description":"Nautika i usluge","publisher":{"@id":"https:\/\/bimexprom.hr\/stranica\/#organization"},"potentialAction":[{"@type":"SearchAction","target":{"@type":"EntryPoint","urlTemplate":"https:\/\/bimexprom.hr\/stranica\/?s={search_term_string}"},"query-input":{"@type":"PropertyValueSpecification","valueRequired":true,"valueName":"search_term_string"}}],"inLanguage":"hr"},{"@type":"Organization","@id":"https:\/\/bimexprom.hr\/stranica\/#organization","name":"Bimex prom d.o.o.","url":"https:\/\/bimexprom.hr\/stranica\/","logo":{"@type":"ImageObject","inLanguage":"hr","@id":"https:\/\/bimexprom.hr\/stranica\/#\/schema\/logo\/image\/","url":"https:\/\/bimexprom.hr\/stranica\/wp-content\/uploads\/2023\/03\/bimex_logo-e1677916586647.png","contentUrl":"https:\/\/bimexprom.hr\/stranica\/wp-content\/uploads\/2023\/03\/bimex_logo-e1677916586647.png","width":180,"height":167,"caption":"Bimex prom d.o.o."},"image":{"@id":"https:\/\/bimexprom.hr\/stranica\/#\/schema\/logo\/image\/"},"sameAs":["https:\/\/www.facebook.com\/Bimexprom"]}]}},"_links":{"self":[{"href":"https:\/\/bimexprom.hr\/stranica\/wp-json\/wp\/v2\/pages\/627","targetHints":{"allow":["GET"]}}],"collection":[{"href":"https:\/\/bimexprom.hr\/stranica\/wp-json\/wp\/v2\/pages"}],"about":[{"href":"https:\/\/bimexprom.hr\/stranica\/wp-json\/wp\/v2\/types\/page"}],"author":[{"embeddable":true,"href":"https:\/\/bimexprom.hr\/stranica\/wp-json\/wp\/v2\/users\/2"}],"replies":[{"embeddable":true,"href":"https:\/\/bimexprom.hr\/stranica\/wp-json\/wp\/v2\/comments?post=627"}],"version-history":[{"count":13,"href":"https:\/\/bimexprom.hr\/stranica\/wp-json\/wp\/v2\/pages\/627\/revisions"}],"predecessor-version":[{"id":731,"href":"https:\/\/bimexprom.hr\/stranica\/wp-json\/wp\/v2\/pages\/627\/revisions\/731"}],"wp:attachment":[{"href":"https:\/\/bimexprom.hr\/stranica\/wp-json\/wp\/v2\/media?parent=627"}],"curies":[{"name":"wp","href":"https:\/\/api.w.org\/{rel}","templated":true}]}}