{"id":520,"date":"2023-05-17T21:20:55","date_gmt":"2023-05-17T19:20:55","guid":{"rendered":"http:\/\/www.bimexprom.hr\/stranica\/?page_id=520"},"modified":"2024-05-27T22:17:24","modified_gmt":"2024-05-27T20:17:24","slug":"kontakt","status":"publish","type":"page","link":"https:\/\/bimexprom.hr\/stranica\/kontakt\/","title":{"rendered":"Kontakt"},"content":{"rendered":"<div id=\"pl-520\"  class=\"panel-layout\" ><div id=\"pg-520-0\"  class=\"panel-grid panel-no-style\" ><div id=\"pgc-520-0-0\"  class=\"panel-grid-cell\" ><div id=\"panel-520-0-0-0\" class=\"so-panel widget widget_sow-contact-form panel-first-child widgetopts-SO\" data-index=\"0\" ><div class=\"panel-widget-style panel-widget-style-for-520-0-0-0\" ><div\n\t\t\t\n\t\t\tclass=\"so-widget-sow-contact-form so-widget-sow-contact-form-default-d37ae04dd3d3-520\"\n\t\t\t\n\t\t><h3 class=\"widget-title\">Javite nam se<\/h3>\t<form\n\t\taction=\"\/stranica\/wp-json\/wp\/v2\/pages\/520\"\n\t\tmethod=\"POST\"\n\t\tclass=\"sow-contact-form\"\n\t\tid=\"contact-form-09a1\"\n\t>\n\n\t\t\n\t\t\t\t\t<div class=\"sow-form-field sow-form-field-name\">\n\t\t\t\t<label class=\"sow-form-field-label-above\" for=\"sow-contact-form-field-vase-ime-1\">\n\t\t\t\t<strong>\n\t\t\t\t\tVa\u0161e ime\t\t\t\t\t\t\t\t\t<\/strong>\n\t\t\t<\/label>\n\t\t\t\t\t\t\t<div class=\"sow-field-container\">\n\t\t\t\t\t\t\t<input\n\t\t\ttype=\"text\"\n\t\t\tname=\"vase-ime-1\"\n\t\t\tid=\"sow-contact-form-field-vase-ime-1\"\n\t\t\tvalue=\"\"\n\t\t\tclass=\"sow-text-field\"\n\t\t\t\t\t\taria-describedby=\"sow-contact-form-field-vase-ime-1-description\" \t\t\/>\n\t\t\t\t\t\t\t\t<div\n\t\t\t\t\t\t\tclass=\"sow-form-field-description\"\n\t\t\t\t\t\t\tid=\"sow-contact-form-field-vase-ime-1-description\"\n\t\t\t\t\t\t>\n\t\t\t\t\t\t\tUpi\u0161ite va\u0161e ime\t\t\t\t\t\t<\/div>\n\t\t\t\t\t\t\t\t\t\t<\/div>\n\t\t\t\t\t\t\t<\/div>\n\t\t\t\t\t\t<div class=\"sow-form-field sow-form-field-email\">\n\t\t\t\t<label class=\"sow-form-field-label-above\" for=\"sow-contact-form-field-vasa-adresa-elektronske-poste-1\">\n\t\t\t\t<strong>\n\t\t\t\t\tVa\u0161a adresa elektronske po\u0161te\t\t\t\t\t\t\t\t\t<\/strong>\n\t\t\t<\/label>\n\t\t\t\t\t\t\t<div class=\"sow-field-container\">\n\t\t\t\t\t\t\t<input\n\t\t\ttype=\"email\"\n\t\t\tname=\"vasa-adresa-elektronske-poste-1\"\n\t\t\tid=\"sow-contact-form-field-vasa-adresa-elektronske-poste-1\"\n\t\t\tvalue=\"\"\n\t\t\tclass=\"sow-text-field\"\t\t\taria-describedby=\"sow-contact-form-field-vasa-adresa-elektronske-poste-1-description\" \t\t\t\t\t\/>\n\t\t\t\t\t\t\t\t<div\n\t\t\t\t\t\t\tclass=\"sow-form-field-description\"\n\t\t\t\t\t\t\tid=\"sow-contact-form-field-vasa-adresa-elektronske-poste-1-description\"\n\t\t\t\t\t\t>\n\t\t\t\t\t\t\tUpi\u0161ite adresu va\u0161e elektronske po\u0161te npr. va\u0161eime@server.com\t\t\t\t\t\t<\/div>\n\t\t\t\t\t\t\t\t\t\t<\/div>\n\t\t\t\t\t\t\t<\/div>\n\t\t\t\t\t\t<div class=\"sow-form-field sow-form-field-subject\">\n\t\t\t\t<label class=\"sow-form-field-label-above\" for=\"sow-contact-form-field-naslov-1\">\n\t\t\t\t<strong>\n\t\t\t\t\tNaslov\t\t\t\t\t\t\t\t\t<\/strong>\n\t\t\t<\/label>\n\t\t\t\t\t\t\t<div class=\"sow-field-container\">\n\t\t\t\t\t\t\t<input\n\t\t\ttype=\"text\"\n\t\t\tname=\"naslov-1\"\n\t\t\tid=\"sow-contact-form-field-naslov-1\"\n\t\t\tvalue=\"\"\n\t\t\tclass=\"sow-text-field\"\n\t\t\t\t\t\taria-describedby=\"sow-contact-form-field-naslov-1-description\" \t\t\/>\n\t\t\t\t\t\t\t\t<div\n\t\t\t\t\t\t\tclass=\"sow-form-field-description\"\n\t\t\t\t\t\t\tid=\"sow-contact-form-field-naslov-1-description\"\n\t\t\t\t\t\t>\n\t\t\t\t\t\t\tUpi\u0161ite naslov poruke\t\t\t\t\t\t<\/div>\n\t\t\t\t\t\t\t\t\t\t<\/div>\n\t\t\t\t\t\t\t<\/div>\n\t\t\t\t\t\t<div class=\"sow-form-field sow-form-field-textarea\">\n\t\t\t\t<label class=\"sow-form-field-label-above\" for=\"sow-contact-form-field-sadrzaj-poruke-1\">\n\t\t\t\t<strong>\n\t\t\t\t\tSadr\u017eaj poruke\t\t\t\t\t\t\t\t\t<\/strong>\n\t\t\t<\/label>\n\t\t\t\t\t\t\t<div class=\"sow-field-container\">\n\t\t\t\t\t\t\t<textarea\n\t\t\tname=\"sadrzaj-poruke-1\"\n\t\t\tid=\"sow-contact-form-field-sadrzaj-poruke-1\"\n\t\t\trows=\"10\"\n\t\t\t\t\t\taria-describedby=\"sow-contact-form-field-sadrzaj-poruke-1-description\" \t\t><\/textarea>\n\t\t\t\t\t\t\t\t<div\n\t\t\t\t\t\t\tclass=\"sow-form-field-description\"\n\t\t\t\t\t\t\tid=\"sow-contact-form-field-sadrzaj-poruke-1-description\"\n\t\t\t\t\t\t>\n\t\t\t\t\t\t\tOvdje upi\u0161ite sadr\u017eaj va\u0161e poruke\t\t\t\t\t\t<\/div>\n\t\t\t\t\t\t\t\t\t\t<\/div>\n\t\t\t\t\t\t\t<\/div>\n\t\t\t\t\t\t<input\n\t\t\t\ttype=\"text\"\n\t\t\t\tname=\"sow-name\"\n\t\t\t\tclass=\"sow-text-field\"\n\t\t\t\tstyle=\"display: none !important; visibility: hidden !important;\"\n\t\t\t\tautocomplete=\"off\"\n\t\t\t\taria-hidden=\"true\"\n\t\t\t>\n\t\t\n\t\t\n<div class=\"sow-form-field sow-form-field-captcha\">\n\t\t\t<label\n\t\t\tclass=\"sow-form-field-label-above\"\n\t\t\tfor=\"really-simple-captcha-1\"\n\t\t>\n\t\t\t<strong>\n\t\t\t\tCaptcha\t\t\t<\/strong>\n\t\t<\/label>\n\t\n\t\n\t<img\n\t\tsrc=\"https:\/\/bimexprom.hr\/stranica\/wp-content\/plugins\/really-simple-captcha\/tmp\/3964693106.png\"\n\t\twidth=\"72\"\n\t\theight=\"24\"\n\t>\n\t<span class=\"sow-field-container\">\n\t\t<input\n\t\t\ttype=\"text\"\n\t\t\tname=\"really-simple-captcha-1\"\n\t\t\tid=\"really-simple-captcha-1\"\n\t\t\tvalue=\"\"\n\t\t\tclass=\"sow-text-field\"\n\t\t>\n\t<\/span>\n\t\t<input\n\t\ttype=\"hidden\"\n\t\tname=\"really-simple-captcha-prefix-1\"\n\t\tvalue=\"3964693106\"\n\t\/>\n<\/div>\n\n\t\t<div class=\"sow-submit-wrapper \n\t\tsow-submit-styled\t\t\">\n\n\t\t\t<button\n\t\t\t\ttype=\"submit\"\n\t\t\t\tclass=\"sow-submit\n\t\t\t\t\t\t\t\t\"\n\t\t\t\t\t\t\t>\n\t\t\t\tPo\u0161aljite poruku\t\t\t<\/button>\n\t\t<\/div>\n\t\t\t\t<input\n\t\t\ttype=\"hidden\"\n\t\t\tname=\"instance_hash-1\"\n\t\t\tvalue=\"09a1eb40\"\n\t\t\/>\n\n\t\t<input type=\"hidden\" id=\"_wpnonce\" name=\"_wpnonce\" value=\"e94241098a\" \/><input type=\"hidden\" name=\"_wp_http_referer\" value=\"\/stranica\/wp-json\/wp\/v2\/pages\/520\" \/>\t<\/form>\n\t<\/div><\/div><\/div><div id=\"panel-520-0-0-1\" class=\"so-panel widget widget_sow-button panel-last-child widgetopts-SO\" data-index=\"1\" ><div\n\t\t\t\n\t\t\tclass=\"so-widget-sow-button so-widget-sow-button-flat-f54c0409268f-520\"\n\t\t\t\n\t\t><div class=\"ow-button-base ow-button-align-center\"\n>\n\t\t\t<a\n\t\t\t\t\thref=\"https:\/\/bimexprom.hr\/stranica\/\"\n\t\t\t\t\tclass=\"sowb-button ow-icon-placement-left ow-button-hover\" \t>\n\t\t<span>\n\t\t\t\n\t\t\tNatrag na naslovnu stranicu\t\t<\/span>\n\t\t\t<\/a>\n\t<\/div>\n<\/div><\/div><\/div><\/div><div id=\"pg-520-1\"  class=\"panel-grid panel-no-style\" ><div id=\"pgc-520-1-0\"  class=\"panel-grid-cell\" ><div id=\"panel-520-1-0-0\" class=\"so-panel widget widget_text panel-first-child panel-last-child widgetopts-SO\" data-index=\"2\" >\t\t\t<div class=\"textwidget\"><p><img loading=\"lazy\" decoding=\"async\" class=\"size-medium wp-image-365 aligncenter\" src=\"http:\/\/www.bimexprom.hr\/stranica\/wp-content\/uploads\/2023\/05\/Q191BA2271B-214x300.jpg\" alt=\"\" width=\"214\" height=\"300\" srcset=\"https:\/\/bimexprom.hr\/stranica\/wp-content\/uploads\/2023\/05\/Q191BA2271B-214x300.jpg 214w, https:\/\/bimexprom.hr\/stranica\/wp-content\/uploads\/2023\/05\/Q191BA2271B-730x1024.jpg 730w, https:\/\/bimexprom.hr\/stranica\/wp-content\/uploads\/2023\/05\/Q191BA2271B-768x1077.jpg 768w, https:\/\/bimexprom.hr\/stranica\/wp-content\/uploads\/2023\/05\/Q191BA2271B-1095x1536.jpg 1095w, https:\/\/bimexprom.hr\/stranica\/wp-content\/uploads\/2023\/05\/Q191BA2271B-1461x2048.jpg 1461w, https:\/\/bimexprom.hr\/stranica\/wp-content\/uploads\/2023\/05\/Q191BA2271B-scaled.jpg 1826w\" sizes=\"auto, (max-width: 214px) 100vw, 214px\" \/><\/p>\n<\/div>\n\t\t<\/div><\/div><div id=\"pgc-520-1-1\"  class=\"panel-grid-cell\" ><div id=\"panel-520-1-1-0\" class=\"so-panel widget widget_text panel-first-child panel-last-child widgetopts-SO\" data-index=\"3\" >\t\t\t<div class=\"textwidget\"><p><img loading=\"lazy\" decoding=\"async\" class=\"size-medium wp-image-720 aligncenter\" src=\"http:\/\/www.bimexprom.hr\/stranica\/wp-content\/uploads\/2024\/03\/ESIF-265x300.jpg\" alt=\"\" width=\"265\" height=\"300\" srcset=\"https:\/\/bimexprom.hr\/stranica\/wp-content\/uploads\/2024\/03\/ESIF-265x300.jpg 265w, https:\/\/bimexprom.hr\/stranica\/wp-content\/uploads\/2024\/03\/ESIF-905x1024.jpg 905w, https:\/\/bimexprom.hr\/stranica\/wp-content\/uploads\/2024\/03\/ESIF-768x869.jpg 768w, https:\/\/bimexprom.hr\/stranica\/wp-content\/uploads\/2024\/03\/ESIF.jpg 1080w\" sizes=\"auto, (max-width: 265px) 100vw, 265px\" \/><\/p>\n<\/div>\n\t\t<\/div><\/div><div id=\"pgc-520-1-2\"  class=\"panel-grid-cell\" ><div id=\"panel-520-1-2-0\" class=\"so-panel widget widget_text panel-first-child panel-last-child widgetopts-SO\" data-index=\"4\" >\t\t\t<div class=\"textwidget\"><p><img loading=\"lazy\" decoding=\"async\" class=\"size-full wp-image-362 aligncenter\" src=\"http:\/\/www.bimexprom.hr\/stranica\/wp-content\/uploads\/2023\/05\/crs_logo.gif\" alt=\"\" width=\"108\" height=\"132\" \/><\/p>\n<p><img loading=\"lazy\" decoding=\"async\" class=\"size-medium wp-image-364 aligncenter\" src=\"http:\/\/www.bimexprom.hr\/stranica\/wp-content\/uploads\/2023\/05\/Germanischer_Lloyd-3.svg_-300x125.png\" alt=\"\" width=\"300\" height=\"125\" srcset=\"https:\/\/bimexprom.hr\/stranica\/wp-content\/uploads\/2023\/05\/Germanischer_Lloyd-3.svg_-300x125.png 300w, https:\/\/bimexprom.hr\/stranica\/wp-content\/uploads\/2023\/05\/Germanischer_Lloyd-3.svg_.png 375w\" sizes=\"auto, (max-width: 300px) 100vw, 300px\" \/><\/p>\n<\/div>\n\t\t<\/div><\/div><\/div><div id=\"pg-520-2\"  class=\"panel-grid panel-no-style\" ><div id=\"pgc-520-2-0\"  class=\"panel-grid-cell\" ><div id=\"panel-520-2-0-0\" class=\"so-panel widget widget_sow-editor panel-first-child panel-last-child widgetopts-SO\" data-index=\"5\" ><div class=\"panel-widget-style panel-widget-style-for-520-2-0-0\" ><div\n\t\t\t\n\t\t\tclass=\"so-widget-sow-editor so-widget-sow-editor-base\"\n\t\t\t\n\t\t>\n<div class=\"siteorigin-widget-tinymce textwidget\">\n\t<p style=\"text-align: center;\"><span style=\"color: #ffffff;\"><strong>Bimex-prom<\/strong> d.o.o. (since 1990)<\/span><br \/>\n<span style=\"color: #ffffff;\"><strong>Oib (HR) 38898325247<\/strong><\/span><\/p>\n<p style=\"text-align: center;\"><span style=\"color: #ffffff;\"><strong>Martina Pu\u0161teka 8, <\/strong><strong>10000 Zagreb, <\/strong>Hrvatska-Croatia<\/span><br \/>\n<span style=\"color: #ffffff;\"><strong>Tel +385(0)1 363 7654; <\/strong><strong>Mob +385 91 1420430<\/strong><\/span><\/p>\n<p style=\"text-align: center;\"><span style=\"color: #878787;\"><a href=\"http:\/\/www.bimexprom.hr\/stranica\/kontakt\/\">bimexprom@gmail.com<\/a><\/span><\/p>\n<p style=\"text-align: center;\"><a href=\"http:\/\/bimex.nb-webart.com\" target=\"_blank\" rel=\"noopener\">stara web stranica<\/a><\/p>\n<\/div>\n<\/div><\/div><\/div><\/div><\/div><\/div>","protected":false},"excerpt":{"rendered":"<p>Javite nam se Va\u0161e ime Upi\u0161ite va\u0161e ime Va\u0161a adresa elektronske po\u0161te Upi\u0161ite adresu va\u0161e elektronske po\u0161te npr. va\u0161eime@server.com Naslov Upi\u0161ite naslov poruke Sadr\u017eaj poruke Ovdje upi\u0161ite sadr\u017eaj va\u0161e poruke Captcha Po\u0161aljite poruku Natrag na naslovnu stranicu Bimex-prom d.o.o. (since 1990) Oib (HR) 38898325247 Martina Pu\u0161teka 8, 10000 Zagreb, Hrvatska-Croatia Tel +385(0)1 363 7654; Mob [&hellip;]<\/p>\n","protected":false},"author":2,"featured_media":0,"parent":0,"menu_order":0,"comment_status":"closed","ping_status":"closed","template":"","meta":{"pgc_sgb_lightbox_settings":"","footnotes":""},"class_list":["post-520","page","type-page","status-publish","hentry","wpbf-post"],"yoast_head":"<!-- This site is optimized with the Yoast SEO plugin v27.5 - https:\/\/yoast.com\/product\/yoast-seo-wordpress\/ -->\n<title>Kontakt - Bimex prom<\/title>\n<meta name=\"robots\" content=\"index, follow, max-snippet:-1, max-image-preview:large, max-video-preview:-1\" \/>\n<link rel=\"canonical\" href=\"https:\/\/bimexprom.hr\/stranica\/kontakt\/\" \/>\n<meta property=\"og:locale\" content=\"hr_HR\" \/>\n<meta property=\"og:type\" content=\"article\" \/>\n<meta property=\"og:title\" content=\"Kontakt - Bimex prom\" \/>\n<meta property=\"og:description\" content=\"Javite nam se Va\u0161e ime Upi\u0161ite va\u0161e ime Va\u0161a adresa elektronske po\u0161te Upi\u0161ite adresu va\u0161e elektronske po\u0161te npr. va\u0161eime@server.com Naslov Upi\u0161ite naslov poruke Sadr\u017eaj poruke Ovdje upi\u0161ite sadr\u017eaj va\u0161e poruke Captcha Po\u0161aljite poruku Natrag na naslovnu stranicu Bimex-prom d.o.o. (since 1990) Oib (HR) 38898325247 Martina Pu\u0161teka 8, 10000 Zagreb, Hrvatska-Croatia Tel +385(0)1 363 7654; Mob [&hellip;]\" \/>\n<meta property=\"og:url\" content=\"https:\/\/bimexprom.hr\/stranica\/kontakt\/\" \/>\n<meta property=\"og:site_name\" content=\"Bimex prom\" \/>\n<meta property=\"article:publisher\" content=\"https:\/\/www.facebook.com\/Bimexprom\" \/>\n<meta property=\"article:modified_time\" content=\"2024-05-27T20:17:24+00:00\" \/>\n<meta property=\"og:image\" content=\"http:\/\/www.bimexprom.hr\/stranica\/wp-content\/uploads\/2023\/05\/Q191BA2271B-214x300.jpg\" \/>\n<meta name=\"twitter:card\" content=\"summary_large_image\" \/>\n<meta name=\"twitter:label1\" content=\"Procijenjeno vrijeme \u010ditanja\" \/>\n\t<meta name=\"twitter:data1\" content=\"2 minute\" \/>\n<script type=\"application\/ld+json\" class=\"yoast-schema-graph\">{\"@context\":\"https:\\\/\\\/schema.org\",\"@graph\":[{\"@type\":\"WebPage\",\"@id\":\"https:\\\/\\\/bimexprom.hr\\\/stranica\\\/kontakt\\\/\",\"url\":\"https:\\\/\\\/bimexprom.hr\\\/stranica\\\/kontakt\\\/\",\"name\":\"Kontakt - Bimex prom\",\"isPartOf\":{\"@id\":\"https:\\\/\\\/bimexprom.hr\\\/stranica\\\/#website\"},\"primaryImageOfPage\":{\"@id\":\"https:\\\/\\\/bimexprom.hr\\\/stranica\\\/kontakt\\\/#primaryimage\"},\"image\":{\"@id\":\"https:\\\/\\\/bimexprom.hr\\\/stranica\\\/kontakt\\\/#primaryimage\"},\"thumbnailUrl\":\"http:\\\/\\\/www.bimexprom.hr\\\/stranica\\\/wp-content\\\/uploads\\\/2023\\\/05\\\/Q191BA2271B-214x300.jpg\",\"datePublished\":\"2023-05-17T19:20:55+00:00\",\"dateModified\":\"2024-05-27T20:17:24+00:00\",\"breadcrumb\":{\"@id\":\"https:\\\/\\\/bimexprom.hr\\\/stranica\\\/kontakt\\\/#breadcrumb\"},\"inLanguage\":\"hr\",\"potentialAction\":[{\"@type\":\"ReadAction\",\"target\":[\"https:\\\/\\\/bimexprom.hr\\\/stranica\\\/kontakt\\\/\"]}]},{\"@type\":\"ImageObject\",\"inLanguage\":\"hr\",\"@id\":\"https:\\\/\\\/bimexprom.hr\\\/stranica\\\/kontakt\\\/#primaryimage\",\"url\":\"http:\\\/\\\/www.bimexprom.hr\\\/stranica\\\/wp-content\\\/uploads\\\/2023\\\/05\\\/Q191BA2271B-214x300.jpg\",\"contentUrl\":\"http:\\\/\\\/www.bimexprom.hr\\\/stranica\\\/wp-content\\\/uploads\\\/2023\\\/05\\\/Q191BA2271B-214x300.jpg\"},{\"@type\":\"BreadcrumbList\",\"@id\":\"https:\\\/\\\/bimexprom.hr\\\/stranica\\\/kontakt\\\/#breadcrumb\",\"itemListElement\":[{\"@type\":\"ListItem\",\"position\":1,\"name\":\"Po\u010detna stranica\",\"item\":\"https:\\\/\\\/bimexprom.hr\\\/stranica\\\/\"},{\"@type\":\"ListItem\",\"position\":2,\"name\":\"Kontakt\"}]},{\"@type\":\"WebSite\",\"@id\":\"https:\\\/\\\/bimexprom.hr\\\/stranica\\\/#website\",\"url\":\"https:\\\/\\\/bimexprom.hr\\\/stranica\\\/\",\"name\":\"Bimex prom\",\"description\":\"Nautika i usluge\",\"publisher\":{\"@id\":\"https:\\\/\\\/bimexprom.hr\\\/stranica\\\/#organization\"},\"potentialAction\":[{\"@type\":\"SearchAction\",\"target\":{\"@type\":\"EntryPoint\",\"urlTemplate\":\"https:\\\/\\\/bimexprom.hr\\\/stranica\\\/?s={search_term_string}\"},\"query-input\":{\"@type\":\"PropertyValueSpecification\",\"valueRequired\":true,\"valueName\":\"search_term_string\"}}],\"inLanguage\":\"hr\"},{\"@type\":\"Organization\",\"@id\":\"https:\\\/\\\/bimexprom.hr\\\/stranica\\\/#organization\",\"name\":\"Bimex prom d.o.o.\",\"url\":\"https:\\\/\\\/bimexprom.hr\\\/stranica\\\/\",\"logo\":{\"@type\":\"ImageObject\",\"inLanguage\":\"hr\",\"@id\":\"https:\\\/\\\/bimexprom.hr\\\/stranica\\\/#\\\/schema\\\/logo\\\/image\\\/\",\"url\":\"https:\\\/\\\/bimexprom.hr\\\/stranica\\\/wp-content\\\/uploads\\\/2023\\\/03\\\/bimex_logo-e1677916586647.png\",\"contentUrl\":\"https:\\\/\\\/bimexprom.hr\\\/stranica\\\/wp-content\\\/uploads\\\/2023\\\/03\\\/bimex_logo-e1677916586647.png\",\"width\":180,\"height\":167,\"caption\":\"Bimex prom d.o.o.\"},\"image\":{\"@id\":\"https:\\\/\\\/bimexprom.hr\\\/stranica\\\/#\\\/schema\\\/logo\\\/image\\\/\"},\"sameAs\":[\"https:\\\/\\\/www.facebook.com\\\/Bimexprom\"]}]}<\/script>\n<!-- \/ Yoast SEO plugin. -->","yoast_head_json":{"title":"Kontakt - Bimex prom","robots":{"index":"index","follow":"follow","max-snippet":"max-snippet:-1","max-image-preview":"max-image-preview:large","max-video-preview":"max-video-preview:-1"},"canonical":"https:\/\/bimexprom.hr\/stranica\/kontakt\/","og_locale":"hr_HR","og_type":"article","og_title":"Kontakt - Bimex prom","og_description":"Javite nam se Va\u0161e ime Upi\u0161ite va\u0161e ime Va\u0161a adresa elektronske po\u0161te Upi\u0161ite adresu va\u0161e elektronske po\u0161te npr. va\u0161eime@server.com Naslov Upi\u0161ite naslov poruke Sadr\u017eaj poruke Ovdje upi\u0161ite sadr\u017eaj va\u0161e poruke Captcha Po\u0161aljite poruku Natrag na naslovnu stranicu Bimex-prom d.o.o. (since 1990) Oib (HR) 38898325247 Martina Pu\u0161teka 8, 10000 Zagreb, Hrvatska-Croatia Tel +385(0)1 363 7654; Mob [&hellip;]","og_url":"https:\/\/bimexprom.hr\/stranica\/kontakt\/","og_site_name":"Bimex prom","article_publisher":"https:\/\/www.facebook.com\/Bimexprom","article_modified_time":"2024-05-27T20:17:24+00:00","og_image":[{"url":"http:\/\/www.bimexprom.hr\/stranica\/wp-content\/uploads\/2023\/05\/Q191BA2271B-214x300.jpg","type":"","width":"","height":""}],"twitter_card":"summary_large_image","twitter_misc":{"Procijenjeno vrijeme \u010ditanja":"2 minute"},"schema":{"@context":"https:\/\/schema.org","@graph":[{"@type":"WebPage","@id":"https:\/\/bimexprom.hr\/stranica\/kontakt\/","url":"https:\/\/bimexprom.hr\/stranica\/kontakt\/","name":"Kontakt - Bimex prom","isPartOf":{"@id":"https:\/\/bimexprom.hr\/stranica\/#website"},"primaryImageOfPage":{"@id":"https:\/\/bimexprom.hr\/stranica\/kontakt\/#primaryimage"},"image":{"@id":"https:\/\/bimexprom.hr\/stranica\/kontakt\/#primaryimage"},"thumbnailUrl":"http:\/\/www.bimexprom.hr\/stranica\/wp-content\/uploads\/2023\/05\/Q191BA2271B-214x300.jpg","datePublished":"2023-05-17T19:20:55+00:00","dateModified":"2024-05-27T20:17:24+00:00","breadcrumb":{"@id":"https:\/\/bimexprom.hr\/stranica\/kontakt\/#breadcrumb"},"inLanguage":"hr","potentialAction":[{"@type":"ReadAction","target":["https:\/\/bimexprom.hr\/stranica\/kontakt\/"]}]},{"@type":"ImageObject","inLanguage":"hr","@id":"https:\/\/bimexprom.hr\/stranica\/kontakt\/#primaryimage","url":"http:\/\/www.bimexprom.hr\/stranica\/wp-content\/uploads\/2023\/05\/Q191BA2271B-214x300.jpg","contentUrl":"http:\/\/www.bimexprom.hr\/stranica\/wp-content\/uploads\/2023\/05\/Q191BA2271B-214x300.jpg"},{"@type":"BreadcrumbList","@id":"https:\/\/bimexprom.hr\/stranica\/kontakt\/#breadcrumb","itemListElement":[{"@type":"ListItem","position":1,"name":"Po\u010detna stranica","item":"https:\/\/bimexprom.hr\/stranica\/"},{"@type":"ListItem","position":2,"name":"Kontakt"}]},{"@type":"WebSite","@id":"https:\/\/bimexprom.hr\/stranica\/#website","url":"https:\/\/bimexprom.hr\/stranica\/","name":"Bimex prom","description":"Nautika i usluge","publisher":{"@id":"https:\/\/bimexprom.hr\/stranica\/#organization"},"potentialAction":[{"@type":"SearchAction","target":{"@type":"EntryPoint","urlTemplate":"https:\/\/bimexprom.hr\/stranica\/?s={search_term_string}"},"query-input":{"@type":"PropertyValueSpecification","valueRequired":true,"valueName":"search_term_string"}}],"inLanguage":"hr"},{"@type":"Organization","@id":"https:\/\/bimexprom.hr\/stranica\/#organization","name":"Bimex prom d.o.o.","url":"https:\/\/bimexprom.hr\/stranica\/","logo":{"@type":"ImageObject","inLanguage":"hr","@id":"https:\/\/bimexprom.hr\/stranica\/#\/schema\/logo\/image\/","url":"https:\/\/bimexprom.hr\/stranica\/wp-content\/uploads\/2023\/03\/bimex_logo-e1677916586647.png","contentUrl":"https:\/\/bimexprom.hr\/stranica\/wp-content\/uploads\/2023\/03\/bimex_logo-e1677916586647.png","width":180,"height":167,"caption":"Bimex prom d.o.o."},"image":{"@id":"https:\/\/bimexprom.hr\/stranica\/#\/schema\/logo\/image\/"},"sameAs":["https:\/\/www.facebook.com\/Bimexprom"]}]}},"_links":{"self":[{"href":"https:\/\/bimexprom.hr\/stranica\/wp-json\/wp\/v2\/pages\/520","targetHints":{"allow":["GET"]}}],"collection":[{"href":"https:\/\/bimexprom.hr\/stranica\/wp-json\/wp\/v2\/pages"}],"about":[{"href":"https:\/\/bimexprom.hr\/stranica\/wp-json\/wp\/v2\/types\/page"}],"author":[{"embeddable":true,"href":"https:\/\/bimexprom.hr\/stranica\/wp-json\/wp\/v2\/users\/2"}],"replies":[{"embeddable":true,"href":"https:\/\/bimexprom.hr\/stranica\/wp-json\/wp\/v2\/comments?post=520"}],"version-history":[{"count":26,"href":"https:\/\/bimexprom.hr\/stranica\/wp-json\/wp\/v2\/pages\/520\/revisions"}],"predecessor-version":[{"id":778,"href":"https:\/\/bimexprom.hr\/stranica\/wp-json\/wp\/v2\/pages\/520\/revisions\/778"}],"wp:attachment":[{"href":"https:\/\/bimexprom.hr\/stranica\/wp-json\/wp\/v2\/media?parent=520"}],"curies":[{"name":"wp","href":"https:\/\/api.w.org\/{rel}","templated":true}]}}